{"id":249,"date":"2022-01-06T09:40:19","date_gmt":"2022-01-06T09:40:19","guid":{"rendered":"https:\/\/nunesepacheco.pt\/loja\/?page_id=249"},"modified":"2022-01-06T09:44:57","modified_gmt":"2022-01-06T09:44:57","slug":"politica-de-cookies","status":"publish","type":"page","link":"https:\/\/nunesepacheco.pt\/loja\/politica-de-cookies\/","title":{"rendered":"Pol\u00edtica de Cookies"},"content":{"rendered":"\t\t<div data-elementor-type=\"wp-page\" data-elementor-id=\"249\" class=\"elementor elementor-249\" data-elementor-post-type=\"page\">\n\t\t\t\t\t\t<section class=\"elementor-section elementor-top-section elementor-element elementor-element-4e5efc5 elementor-section-boxed elementor-section-height-default elementor-section-height-default\" data-id=\"4e5efc5\" data-element_type=\"section\" data-e-type=\"section\" data-settings=\"{&quot;background_background&quot;:&quot;classic&quot;}\">\n\t\t\t\t\t\t\t<div class=\"elementor-background-overlay\"><\/div>\n\t\t\t\t\t\t\t<div class=\"elementor-container elementor-column-gap-default\">\n\t\t\t\t\t<div class=\"elementor-column elementor-col-100 elementor-top-column elementor-element elementor-element-b89e97a\" data-id=\"b89e97a\" data-element_type=\"column\" data-e-type=\"column\">\n\t\t\t<div class=\"elementor-widget-wrap elementor-element-populated\">\n\t\t\t\t\t\t<div class=\"elementor-element elementor-element-1c7461d elementor-widget elementor-widget-heading\" data-id=\"1c7461d\" data-element_type=\"widget\" data-e-type=\"widget\" data-widget_type=\"heading.default\">\n\t\t\t\t<div class=\"elementor-widget-container\">\n\t\t\t\t\t<h2 class=\"elementor-heading-title elementor-size-default\">Pol\u00edtica de Cookies<\/h2>\t\t\t\t<\/div>\n\t\t\t\t<\/div>\n\t\t\t\t<div class=\"elementor-element elementor-element-afd9f13 elementor-widget elementor-widget-text-editor\" data-id=\"afd9f13\" data-element_type=\"widget\" data-e-type=\"widget\" data-widget_type=\"text-editor.default\">\n\t\t\t\t<div class=\"elementor-widget-container\">\n\t\t\t\t\t\t\t\t\t<p>Este site utiliza <em>cookies<\/em> para lhe permitir uma melhor experi\u00eancia como utilizador.<\/p><p>Se continuar a navegar, est\u00e1 a dar o seu consentimento para a aceita\u00e7\u00e3o dos referidos <em>cookies<\/em> e da nossa <em>Pol\u00edtica de Cookies<\/em>.<\/p><p><strong>O QUE S\u00c3O <em>COOKIES<\/em>?<\/strong><\/p><p>Os <em>cookies<\/em> s\u00e3o pequenos ficheiros de texto gravados no seu equipamento, quando acede aos sites, que permitem o armazenamento de um conjunto de informa\u00e7\u00f5es relacionadas com o utilizador, em que umas s\u00e3o usadas para reconhecer o utilizador em futuras visitas ao site, e outras s\u00e3o usadas para garantir as funcionalidades disponibilizadas e melhorar o desempenho e a experi\u00eancia do utilizador no site.<\/p><p>O tipo de informa\u00e7\u00e3o que pode ser analisada utilizando <em>cookies<\/em> \u00e9: nome de utilizador, endere\u00e7o de correio eletr\u00f3nico e palavra-passe, o endere\u00e7o de protocolo de internet (IP) que \u00e9 utilizado para ligar \u00e0 internet, o tipo e a vers\u00e3o de navegador, o sistema operativo e a plataforma utilizada para a liga\u00e7\u00e3o, os endere\u00e7os <em>web<\/em> (URLs), desde os quais ou atrav\u00e9s dos quais tenha acedido e deixado os nossos servi\u00e7os <em>online<\/em>, a data e a hora da referida atividade, entre outros.<\/p><p>Os <em>cookies<\/em> dos sites podem ser, a qualquer momento, desativados ou geridos. Para saber como o fazer aceda \u00e0 \u00e1rea de \u201cAjuda\u201d do seu <em>browser<\/em>.<\/p><p><u>Aten\u00e7\u00e3o<\/u>: \u00e9 importante perceber que algumas \u00e1reas do site poder\u00e3o n\u00e3o funcionar corretamente ap\u00f3s a desativa\u00e7\u00e3o dos <em>cookies<\/em>.<\/p><p>\u00a0<\/p><p><strong>FINALIDADE DOS <em>COOKIES<\/em>?<\/strong><\/p><p>A utiliza\u00e7\u00e3o de <em>cookies<\/em> otimiza a navega\u00e7\u00e3o do utilizador, permitindo que os dados armazenados melhorem a sua experi\u00eancia no site, aumentando tamb\u00e9m a efici\u00eancia de resposta do endere\u00e7o <em>web<\/em>. Assim, permitem eliminar algumas a\u00e7\u00f5es repetitivas no site, bem como auxiliar na apresenta\u00e7\u00e3o de informa\u00e7\u00e3o para ir ao encontro dos seus interesses.<\/p><p>\u00a0<\/p><p><strong>TIPOS DE <em>COOKIES<\/em> UTILIZADOS<\/strong><\/p><p>Os <em>cookies<\/em> s\u00e3o segmentados de acordo com a sua finalidade e data de validade.<\/p><p>Os <em>cookies<\/em> essenciais s\u00e3o elementos fundamentais de acesso a determinadas \u00e1reas do site, tais como o acesso a \u00e1reas seguras do site, atrav\u00e9s de <em>login<\/em> e <em>password<\/em>. Desativando os <em>cookies<\/em>, os mesmos servi\u00e7os poder\u00e3o n\u00e3o ser consultados.<\/p><p>Os <em>cookies<\/em> de funcionalidade memorizam as prefer\u00eancias de navega\u00e7\u00e3o do utilizador.<\/p><p>Os <em>cookies<\/em> anal\u00edticos permitem a memoriza\u00e7\u00e3o da forma como determinado site \u00e9 navegado, com a finalidade de apresenta\u00e7\u00e3o de produtos ou servi\u00e7os que v\u00e3o ao encontro do utilizador, atrav\u00e9s da monitoriza\u00e7\u00e3o do site, como por exemplo, os que guardam as p\u00e1ginas mais visitadas, o tempo em cada p\u00e1gina, produtos ou servi\u00e7os pesquisados, etc. Estes <em>cookies<\/em> armazenam informa\u00e7\u00f5es de teor estat\u00edstico.<\/p>\t\t\t\t\t\t\t\t<\/div>\n\t\t\t\t<\/div>\n\t\t\t\t\t<\/div>\n\t\t<\/div>\n\t\t\t\t\t<\/div>\n\t\t<\/section>\n\t\t\t\t<\/div>\n\t\t","protected":false},"excerpt":{"rendered":"<p>Pol\u00edtica de Cookies Este site utiliza cookies para lhe permitir uma melhor experi\u00eancia como utilizador. Se continuar a navegar, est\u00e1 a dar o seu consentimento para a aceita\u00e7\u00e3o dos referidos cookies e da nossa Pol\u00edtica de Cookies. O QUE S\u00c3O COOKIES? Os cookies s\u00e3o pequenos ficheiros de texto gravados no seu equipamento, quando acede aos [&hellip;]<\/p>\n","protected":false},"author":1,"featured_media":0,"parent":0,"menu_order":0,"comment_status":"closed","ping_status":"closed","template":"elementor_header_footer","meta":{"footnotes":""},"class_list":["post-249","page","type-page","status-publish","hentry"],"_links":{"self":[{"href":"https:\/\/nunesepacheco.pt\/loja\/wp-json\/wp\/v2\/pages\/249","targetHints":{"allow":["GET"]}}],"collection":[{"href":"https:\/\/nunesepacheco.pt\/loja\/wp-json\/wp\/v2\/pages"}],"about":[{"href":"https:\/\/nunesepacheco.pt\/loja\/wp-json\/wp\/v2\/types\/page"}],"author":[{"embeddable":true,"href":"https:\/\/nunesepacheco.pt\/loja\/wp-json\/wp\/v2\/users\/1"}],"replies":[{"embeddable":true,"href":"https:\/\/nunesepacheco.pt\/loja\/wp-json\/wp\/v2\/comments?post=249"}],"version-history":[{"count":4,"href":"https:\/\/nunesepacheco.pt\/loja\/wp-json\/wp\/v2\/pages\/249\/revisions"}],"predecessor-version":[{"id":259,"href":"https:\/\/nunesepacheco.pt\/loja\/wp-json\/wp\/v2\/pages\/249\/revisions\/259"}],"wp:attachment":[{"href":"https:\/\/nunesepacheco.pt\/loja\/wp-json\/wp\/v2\/media?parent=249"}],"curies":[{"name":"wp","href":"https:\/\/api.w.org\/{rel}","templated":true}]}}