{"id":114,"date":"2022-01-05T17:41:18","date_gmt":"2022-01-05T17:41:18","guid":{"rendered":"https:\/\/nunesepacheco.pt\/loja\/mesas\/"},"modified":"2022-11-28T11:28:23","modified_gmt":"2022-11-28T11:28:23","slug":"roupeiros","status":"publish","type":"page","link":"https:\/\/nunesepacheco.pt\/loja\/roupeiros\/","title":{"rendered":"Roupeiros"},"content":{"rendered":"\t\t<div data-elementor-type=\"wp-page\" data-elementor-id=\"114\" class=\"elementor elementor-114\" data-elementor-post-type=\"page\">\n\t\t\t\t\t\t<section class=\"elementor-section elementor-top-section elementor-element elementor-element-631d4ea elementor-section-height-min-height elementor-section-stretched elementor-section-boxed elementor-section-height-default elementor-section-items-middle\" data-id=\"631d4ea\" data-element_type=\"section\" data-e-type=\"section\" data-settings=\"{&quot;stretch_section&quot;:&quot;section-stretched&quot;}\">\n\t\t\t\t\t\t\t<div class=\"elementor-background-overlay\"><\/div>\n\t\t\t\t\t\t\t<div class=\"elementor-container elementor-column-gap-no\">\n\t\t\t\t\t<div class=\"elementor-column elementor-col-100 elementor-top-column elementor-element elementor-element-35e4707\" data-id=\"35e4707\" data-element_type=\"column\" data-e-type=\"column\">\n\t\t\t<div class=\"elementor-widget-wrap elementor-element-populated\">\n\t\t\t\t\t\t<div class=\"elementor-element elementor-element-ac98f26 elementor-widget elementor-widget-heading\" data-id=\"ac98f26\" data-element_type=\"widget\" data-e-type=\"widget\" data-widget_type=\"heading.default\">\n\t\t\t\t<div class=\"elementor-widget-container\">\n\t\t\t\t\t<h2 class=\"elementor-heading-title elementor-size-default\">Roupeiros<\/h2>\t\t\t\t<\/div>\n\t\t\t\t<\/div>\n\t\t\t\t<div class=\"elementor-element elementor-element-3c6b843 elementor-widget elementor-widget-heading\" data-id=\"3c6b843\" data-element_type=\"widget\" data-e-type=\"widget\" data-widget_type=\"heading.default\">\n\t\t\t\t<div class=\"elementor-widget-container\">\n\t\t\t\t\t<h2 class=\"elementor-heading-title elementor-size-default\">Encontre o roupeiro ideal para si. Temos v\u00e1rios estilos de guarda-fatos \u00e0 sua disposi\u00e7\u00e3o, do tradicional ao moderno.<\/h2>\t\t\t\t<\/div>\n\t\t\t\t<\/div>\n\t\t\t\t\t<\/div>\n\t\t<\/div>\n\t\t\t\t\t<\/div>\n\t\t<\/section>\n\t\t\t\t<section class=\"elementor-section elementor-top-section elementor-element elementor-element-ca3644d elementor-section-boxed elementor-section-height-default elementor-section-height-default\" data-id=\"ca3644d\" data-element_type=\"section\" data-e-type=\"section\" data-settings=\"{&quot;background_background&quot;:&quot;classic&quot;}\">\n\t\t\t\t\t\t<div class=\"elementor-container elementor-column-gap-default\">\n\t\t\t\t\t<div class=\"elementor-column elementor-col-100 elementor-top-column elementor-element elementor-element-a5ab2e9\" data-id=\"a5ab2e9\" data-element_type=\"column\" data-e-type=\"column\">\n\t\t\t<div class=\"elementor-widget-wrap elementor-element-populated\">\n\t\t\t\t\t\t<div class=\"elementor-element elementor-element-484dd80 elementor-grid-3 elementor-product-loop-item--align-center elementor-grid-mobile-1 elementor-grid-tablet-2 elementor-products-grid elementor-wc-products elementor-widget elementor-widget-woocommerce-products\" data-id=\"484dd80\" data-element_type=\"widget\" data-e-type=\"widget\" data-widget_type=\"woocommerce-products.default\">\n\t\t\t\t<div class=\"elementor-widget-container\">\n\t\t\t\t\t<div class=\"woocommerce columns-3 \"><ul class=\"products elementor-grid columns-3\">\n<li class=\"product type-product post-550 status-publish first instock product_cat-roupeiros has-post-thumbnail shipping-taxable purchasable product-type-simple\">\n\t<a href=\"https:\/\/nunesepacheco.pt\/loja\/produto\/roupeiro\/\" class=\"woocommerce-LoopProduct-link woocommerce-loop-product__link\"><img fetchpriority=\"high\" decoding=\"async\" width=\"300\" height=\"300\" src=\"https:\/\/nunesepacheco.pt\/loja\/wp-content\/uploads\/2022\/11\/Roupeiro-1-1-300x300.jpeg\" class=\"attachment-woocommerce_thumbnail size-woocommerce_thumbnail\" alt=\"Roupeiro\" srcset=\"https:\/\/nunesepacheco.pt\/loja\/wp-content\/uploads\/2022\/11\/Roupeiro-1-1-300x300.jpeg 300w, https:\/\/nunesepacheco.pt\/loja\/wp-content\/uploads\/2022\/11\/Roupeiro-1-1-150x150.jpeg 150w, https:\/\/nunesepacheco.pt\/loja\/wp-content\/uploads\/2022\/11\/Roupeiro-1-1-100x100.jpeg 100w\" sizes=\"(max-width: 300px) 100vw, 300px\" \/><h2 class=\"woocommerce-loop-product__title\">Roupeiro<\/h2>\n\t<span class=\"price\"><span class=\"woocommerce-Price-amount amount\"><bdi>0,00&nbsp;<span class=\"woocommerce-Price-currencySymbol\">&euro;<\/span><\/bdi><\/span><\/span>\n<\/a><a href=\"\/loja\/wp-json\/wp\/v2\/pages\/114?add-to-cart=550\" aria-describedby=\"woocommerce_loop_add_to_cart_link_describedby_550\" data-quantity=\"1\" class=\"button product_type_simple add_to_cart_button ajax_add_to_cart\" data-product_id=\"550\" data-product_sku=\"\" aria-label=\"Adiciona ao carrinho: &ldquo;Roupeiro&rdquo;\" rel=\"nofollow\" data-success_message=\"&ldquo;Roupeiro&rdquo; foi adicionado ao seu carrinho\" role=\"button\">Adicionar<\/a>\t<span id=\"woocommerce_loop_add_to_cart_link_describedby_550\" class=\"screen-reader-text\">\n\t\t\t<\/span>\n<\/li>\n<li class=\"product type-product post-553 status-publish instock product_cat-roupeiros has-post-thumbnail shipping-taxable purchasable product-type-simple\">\n\t<a href=\"https:\/\/nunesepacheco.pt\/loja\/produto\/roupeiro-2\/\" class=\"woocommerce-LoopProduct-link woocommerce-loop-product__link\"><img decoding=\"async\" width=\"300\" height=\"300\" src=\"https:\/\/nunesepacheco.pt\/loja\/wp-content\/uploads\/2022\/11\/Roupeiro-2-3-300x300.jpeg\" class=\"attachment-woocommerce_thumbnail size-woocommerce_thumbnail\" alt=\"Roupeiro\" srcset=\"https:\/\/nunesepacheco.pt\/loja\/wp-content\/uploads\/2022\/11\/Roupeiro-2-3-300x300.jpeg 300w, https:\/\/nunesepacheco.pt\/loja\/wp-content\/uploads\/2022\/11\/Roupeiro-2-3-150x150.jpeg 150w, https:\/\/nunesepacheco.pt\/loja\/wp-content\/uploads\/2022\/11\/Roupeiro-2-3-100x100.jpeg 100w\" sizes=\"(max-width: 300px) 100vw, 300px\" \/><h2 class=\"woocommerce-loop-product__title\">Roupeiro<\/h2>\n\t<span class=\"price\"><span class=\"woocommerce-Price-amount amount\"><bdi>0,00&nbsp;<span class=\"woocommerce-Price-currencySymbol\">&euro;<\/span><\/bdi><\/span><\/span>\n<\/a><a href=\"\/loja\/wp-json\/wp\/v2\/pages\/114?add-to-cart=553\" aria-describedby=\"woocommerce_loop_add_to_cart_link_describedby_553\" data-quantity=\"1\" class=\"button product_type_simple add_to_cart_button ajax_add_to_cart\" data-product_id=\"553\" data-product_sku=\"\" aria-label=\"Adiciona ao carrinho: &ldquo;Roupeiro&rdquo;\" rel=\"nofollow\" data-success_message=\"&ldquo;Roupeiro&rdquo; foi adicionado ao seu carrinho\" role=\"button\">Adicionar<\/a>\t<span id=\"woocommerce_loop_add_to_cart_link_describedby_553\" class=\"screen-reader-text\">\n\t\t\t<\/span>\n<\/li>\n<li class=\"product type-product post-557 status-publish last instock product_cat-roupeiros has-post-thumbnail shipping-taxable purchasable product-type-simple\">\n\t<a href=\"https:\/\/nunesepacheco.pt\/loja\/produto\/roupeiro-3\/\" class=\"woocommerce-LoopProduct-link woocommerce-loop-product__link\"><img decoding=\"async\" width=\"300\" height=\"300\" src=\"https:\/\/nunesepacheco.pt\/loja\/wp-content\/uploads\/2022\/11\/Roupeiro-3-3-300x300.jpeg\" class=\"attachment-woocommerce_thumbnail size-woocommerce_thumbnail\" alt=\"Roupeiro\" srcset=\"https:\/\/nunesepacheco.pt\/loja\/wp-content\/uploads\/2022\/11\/Roupeiro-3-3-300x300.jpeg 300w, https:\/\/nunesepacheco.pt\/loja\/wp-content\/uploads\/2022\/11\/Roupeiro-3-3-150x150.jpeg 150w, https:\/\/nunesepacheco.pt\/loja\/wp-content\/uploads\/2022\/11\/Roupeiro-3-3-100x100.jpeg 100w\" sizes=\"(max-width: 300px) 100vw, 300px\" \/><h2 class=\"woocommerce-loop-product__title\">Roupeiro<\/h2>\n\t<span class=\"price\"><span class=\"woocommerce-Price-amount amount\"><bdi>0,00&nbsp;<span class=\"woocommerce-Price-currencySymbol\">&euro;<\/span><\/bdi><\/span><\/span>\n<\/a><a href=\"\/loja\/wp-json\/wp\/v2\/pages\/114?add-to-cart=557\" aria-describedby=\"woocommerce_loop_add_to_cart_link_describedby_557\" data-quantity=\"1\" class=\"button product_type_simple add_to_cart_button ajax_add_to_cart\" data-product_id=\"557\" data-product_sku=\"\" aria-label=\"Adiciona ao carrinho: &ldquo;Roupeiro&rdquo;\" rel=\"nofollow\" data-success_message=\"&ldquo;Roupeiro&rdquo; foi adicionado ao seu carrinho\" role=\"button\">Adicionar<\/a>\t<span id=\"woocommerce_loop_add_to_cart_link_describedby_557\" class=\"screen-reader-text\">\n\t\t\t<\/span>\n<\/li>\n<\/ul>\n<\/div>\t\t\t\t<\/div>\n\t\t\t\t<\/div>\n\t\t\t\t\t<\/div>\n\t\t<\/div>\n\t\t\t\t\t<\/div>\n\t\t<\/section>\n\t\t\t\t<section class=\"elementor-section elementor-top-section elementor-element elementor-element-dac865b elementor-section-height-min-height elementor-section-boxed elementor-section-height-default elementor-section-items-middle\" data-id=\"dac865b\" data-element_type=\"section\" data-e-type=\"section\" data-settings=\"{&quot;background_background&quot;:&quot;classic&quot;,&quot;background_motion_fx_motion_fx_scrolling&quot;:&quot;yes&quot;,&quot;background_motion_fx_translateY_effect&quot;:&quot;yes&quot;,&quot;background_motion_fx_translateY_speed&quot;:{&quot;unit&quot;:&quot;px&quot;,&quot;size&quot;:4,&quot;sizes&quot;:[]},&quot;background_motion_fx_translateY_affectedRange&quot;:{&quot;unit&quot;:&quot;%&quot;,&quot;size&quot;:&quot;&quot;,&quot;sizes&quot;:{&quot;start&quot;:0,&quot;end&quot;:100}},&quot;background_motion_fx_devices&quot;:[&quot;desktop&quot;,&quot;tablet&quot;,&quot;mobile&quot;]}\">\n\t\t\t\t\t\t\t<div class=\"elementor-background-overlay\"><\/div>\n\t\t\t\t\t\t\t<div class=\"elementor-container elementor-column-gap-default\">\n\t\t\t\t\t<div class=\"elementor-column elementor-col-100 elementor-top-column elementor-element elementor-element-064004a\" data-id=\"064004a\" data-element_type=\"column\" data-e-type=\"column\">\n\t\t\t<div class=\"elementor-widget-wrap elementor-element-populated\">\n\t\t\t\t\t\t<div class=\"elementor-element elementor-element-4ce2b97 elementor-widget elementor-widget-heading\" data-id=\"4ce2b97\" data-element_type=\"widget\" data-e-type=\"widget\" data-widget_type=\"heading.default\">\n\t\t\t\t<div class=\"elementor-widget-container\">\n\t\t\t\t\t<h2 class=\"elementor-heading-title elementor-size-default\">Necessita de mais informa\u00e7\u00f5es<\/h2>\t\t\t\t<\/div>\n\t\t\t\t<\/div>\n\t\t\t\t<div class=\"elementor-element elementor-element-fca68ce elementor-align-center elementor-widget elementor-widget-button\" data-id=\"fca68ce\" data-element_type=\"widget\" data-e-type=\"widget\" data-widget_type=\"button.default\">\n\t\t\t\t<div class=\"elementor-widget-container\">\n\t\t\t\t\t\t\t\t\t<div class=\"elementor-button-wrapper\">\n\t\t\t\t\t<a class=\"elementor-button elementor-button-link elementor-size-sm elementor-animation-shrink\" href=\"https:\/\/nunesepacheco.pt\/loja\/contactos\/\">\n\t\t\t\t\t\t<span class=\"elementor-button-content-wrapper\">\n\t\t\t\t\t\t\t\t\t<span class=\"elementor-button-text\">Contactos<\/span>\n\t\t\t\t\t<\/span>\n\t\t\t\t\t<\/a>\n\t\t\t\t<\/div>\n\t\t\t\t\t\t\t\t<\/div>\n\t\t\t\t<\/div>\n\t\t\t\t\t<\/div>\n\t\t<\/div>\n\t\t\t\t\t<\/div>\n\t\t<\/section>\n\t\t\t\t<\/div>\n\t\t","protected":false},"excerpt":{"rendered":"<p>Roupeiros Encontre o roupeiro ideal para si. Temos v\u00e1rios estilos de guarda-fatos \u00e0 sua disposi\u00e7\u00e3o, do tradicional ao moderno. Necessita de mais informa\u00e7\u00f5es Contactos<\/p>\n","protected":false},"author":1,"featured_media":0,"parent":0,"menu_order":0,"comment_status":"closed","ping_status":"closed","template":"elementor_header_footer","meta":{"footnotes":""},"class_list":["post-114","page","type-page","status-publish","hentry"],"_links":{"self":[{"href":"https:\/\/nunesepacheco.pt\/loja\/wp-json\/wp\/v2\/pages\/114","targetHints":{"allow":["GET"]}}],"collection":[{"href":"https:\/\/nunesepacheco.pt\/loja\/wp-json\/wp\/v2\/pages"}],"about":[{"href":"https:\/\/nunesepacheco.pt\/loja\/wp-json\/wp\/v2\/types\/page"}],"author":[{"embeddable":true,"href":"https:\/\/nunesepacheco.pt\/loja\/wp-json\/wp\/v2\/users\/1"}],"replies":[{"embeddable":true,"href":"https:\/\/nunesepacheco.pt\/loja\/wp-json\/wp\/v2\/comments?post=114"}],"version-history":[{"count":24,"href":"https:\/\/nunesepacheco.pt\/loja\/wp-json\/wp\/v2\/pages\/114\/revisions"}],"predecessor-version":[{"id":621,"href":"https:\/\/nunesepacheco.pt\/loja\/wp-json\/wp\/v2\/pages\/114\/revisions\/621"}],"wp:attachment":[{"href":"https:\/\/nunesepacheco.pt\/loja\/wp-json\/wp\/v2\/media?parent=114"}],"curies":[{"name":"wp","href":"https:\/\/api.w.org\/{rel}","templated":true}]}}